{"id":53,"date":"2024-11-05T15:10:32","date_gmt":"2024-11-05T15:10:32","guid":{"rendered":"https:\/\/klatrener.eu\/?page_id=53"},"modified":"2026-03-11T13:57:07","modified_gmt":"2026-03-11T11:57:07","slug":"a-homepage-section","status":"publish","type":"page","link":"https:\/\/klatrener.eu\/index.php\/a-homepage-section\/","title":{"rendered":"CV"},"content":{"rendered":"\n<ul class=\"wp-block-list\">\n<li>K\u00f6ysitoiminnanohjaaja (KTO) 9\/2020<\/li>\n\n\n\n<li>Kiipeilyohjaaja (KO) 10\/2023<\/li>\n\n\n\n<li>J\u00e4\u00e4kiipeilyohjaaja (JKO) 3\/2024<\/li>\n\n\n\n<li>J\u00e4\u00e4kiipeilykouluttaja (JKK) 6\/2025<\/li>\n\n\n\n<li>Kalliokiipeilykouluttaja (RCI UIAA) 6\/2025<\/li>\n\n\n\n<li>Wilderness advanced first aid (WAFA) 10\/2025<\/li>\n<\/ul>\n\n\n\n<figure class=\"wp-block-pullquote\"><blockquote><p>20+ kiipeilykurssia sis\u00e4ll\u00e4 ja ulkona.<\/p><cite>Vuosi 2024<\/cite><\/blockquote><\/figure>\n\n\n\n<figure class=\"wp-block-pullquote\"><blockquote><p>40+ kiipeilyliiton koulutusj\u00e4rjestelm\u00e4n mukaisia kiipeilykoulutuksia.<\/p><cite>Vuosi 2025<\/cite><\/blockquote><\/figure>\n\n\n\n<figure class=\"wp-block-pullquote\"><blockquote><p>Juuri SINUN koulutuksesi, kenties tarpeen mukaan r\u00e4\u00e4t\u00e4l\u00f6ityn\u00e4?<\/p><cite>Vuosi 2026<\/cite><\/blockquote><\/figure>\n","protected":false},"excerpt":{"rendered":"<p>20+ kiipeilykurssia sis\u00e4ll\u00e4 ja ulkona. Vuosi 2024 40+ kiipeilyliiton koulutusj\u00e4rjestelm\u00e4n mukaisia kiipeilykoulutuksia. Vuosi 2025 Juuri SINUN koulutuksesi, kenties tarpeen mukaan r\u00e4\u00e4t\u00e4l\u00f6ityn\u00e4? Vuosi 2026<\/p>\n","protected":false},"author":1,"featured_media":74,"parent":0,"menu_order":0,"comment_status":"closed","ping_status":"closed","template":"","meta":{"footnotes":""},"class_list":["post-53","page","type-page","status-publish","has-post-thumbnail","hentry"],"_links":{"self":[{"href":"https:\/\/klatrener.eu\/index.php\/wp-json\/wp\/v2\/pages\/53","targetHints":{"allow":["GET"]}}],"collection":[{"href":"https:\/\/klatrener.eu\/index.php\/wp-json\/wp\/v2\/pages"}],"about":[{"href":"https:\/\/klatrener.eu\/index.php\/wp-json\/wp\/v2\/types\/page"}],"author":[{"embeddable":true,"href":"https:\/\/klatrener.eu\/index.php\/wp-json\/wp\/v2\/users\/1"}],"replies":[{"embeddable":true,"href":"https:\/\/klatrener.eu\/index.php\/wp-json\/wp\/v2\/comments?post=53"}],"version-history":[{"count":8,"href":"https:\/\/klatrener.eu\/index.php\/wp-json\/wp\/v2\/pages\/53\/revisions"}],"predecessor-version":[{"id":131,"href":"https:\/\/klatrener.eu\/index.php\/wp-json\/wp\/v2\/pages\/53\/revisions\/131"}],"wp:featuredmedia":[{"embeddable":true,"href":"https:\/\/klatrener.eu\/index.php\/wp-json\/wp\/v2\/media\/74"}],"wp:attachment":[{"href":"https:\/\/klatrener.eu\/index.php\/wp-json\/wp\/v2\/media?parent=53"}],"curies":[{"name":"wp","href":"https:\/\/api.w.org\/{rel}","templated":true}]}}