{"id":49,"date":"2024-11-05T15:10:32","date_gmt":"2024-11-05T15:10:32","guid":{"rendered":"https:\/\/klatrener.eu\/?page_id=49"},"modified":"2026-03-11T15:47:12","modified_gmt":"2026-03-11T13:47:12","slug":"home","status":"publish","type":"page","link":"https:\/\/klatrener.eu\/","title":{"rendered":""},"content":{"rendered":"\n<p>J\u00e4rjest\u00e4n koulutuksia erityisesti yhteisty\u00f6kumppanien kautta. T\u00e4ll\u00e4 hetkell\u00e4 minut voit tavata kallioilla Kiipeilykerho Vertikaalin ja sis\u00e4seinill\u00e4 Tampereen kiipeilykeskuksen kursseilla.<\/p>\n\n\n\n<ul class=\"wp-block-list\">\n<li>Kiipeilykerho Vertikaalin <a href=\"https:\/\/kiipeilykerhovertikaali.fi\/kurssit\/\">tulevat kurssit<\/a>.<\/li>\n\n\n\n<li>Tampereen kiipeilykeskuksen <a href=\"https:\/\/tampereenkiipeilykeskus.fi\/fi-fi\/kurssit\/kurssit-nekala\/65\/\">sis\u00e4kiipeilykurssit<\/a>.<\/li>\n<\/ul>\n\n\n\n<p>Mik\u00e4 tahansa kiipeilykurssi tai -koulutus on my\u00f6s mahdollista j\u00e4rjest\u00e4\u00e4 tilauksesta ja tarvittaessa r\u00e4\u00e4t\u00e4l\u00f6ityn\u00e4 johonkin tiettyyn tarpeeseen. Mahdollisia koulutussis\u00e4lt\u00f6j\u00e4 voit tarkastella Suomen Kiipeilyliiton <a href=\"https:\/\/kiipeilyliitto.fi\/kiipeilemaan\/kiipeilykurssit-harrastajille\/\">kiipeilyn harrastuskursseista<\/a>, joista l\u00e4ht\u00f6kohtaisesti mik\u00e4 tahansa ulkona suoritettava kurssi voidaan j\u00e4rjest\u00e4\u00e4.<\/p>\n\n\n\n<p>Esimerkkej\u00e4 j\u00e4rjestetyist\u00e4 r\u00e4\u00e4t\u00e4likoulutuksista:<\/p>\n\n\n\n<ul class=\"wp-block-list\">\n<li>Ongelmanratkaisukurssi.<\/li>\n\n\n\n<li>Taljaus- ja liidipelastus-workshop.<\/li>\n\n\n\n<li>Ylh\u00e4\u00e4lt\u00e4varmistusklinikka (erityisen\u00e4 toiveena kiipeilij\u00e4n laskeminen reitille).<\/li>\n<\/ul>\n\n\n\n<p>Kaikissa asioissa saat yhdeyden parhaiten s\u00e4hk\u00f6postitse <a href=\"mailto:harri@klatrener.eu\">harri@klatrener.eu<\/a>.<\/p>\n","protected":false},"excerpt":{"rendered":"<p>J\u00e4rjest\u00e4n koulutuksia erityisesti yhteisty\u00f6kumppanien kautta. T\u00e4ll\u00e4 hetkell\u00e4 minut voit tavata kallioilla Kiipeilykerho Vertikaalin ja sis\u00e4seinill\u00e4 Tampereen kiipeilykeskuksen kursseilla. Mik\u00e4 tahansa kiipeilykurssi tai -koulutus on my\u00f6s mahdollista j\u00e4rjest\u00e4\u00e4 tilauksesta ja tarvittaessa &#8230;<\/p>\n","protected":false},"author":1,"featured_media":0,"parent":0,"menu_order":0,"comment_status":"closed","ping_status":"closed","template":"template-frontpage.php","meta":{"footnotes":""},"class_list":["post-49","page","type-page","status-publish","hentry"],"_links":{"self":[{"href":"https:\/\/klatrener.eu\/index.php\/wp-json\/wp\/v2\/pages\/49","targetHints":{"allow":["GET"]}}],"collection":[{"href":"https:\/\/klatrener.eu\/index.php\/wp-json\/wp\/v2\/pages"}],"about":[{"href":"https:\/\/klatrener.eu\/index.php\/wp-json\/wp\/v2\/types\/page"}],"author":[{"embeddable":true,"href":"https:\/\/klatrener.eu\/index.php\/wp-json\/wp\/v2\/users\/1"}],"replies":[{"embeddable":true,"href":"https:\/\/klatrener.eu\/index.php\/wp-json\/wp\/v2\/comments?post=49"}],"version-history":[{"count":10,"href":"https:\/\/klatrener.eu\/index.php\/wp-json\/wp\/v2\/pages\/49\/revisions"}],"predecessor-version":[{"id":159,"href":"https:\/\/klatrener.eu\/index.php\/wp-json\/wp\/v2\/pages\/49\/revisions\/159"}],"wp:attachment":[{"href":"https:\/\/klatrener.eu\/index.php\/wp-json\/wp\/v2\/media?parent=49"}],"curies":[{"name":"wp","href":"https:\/\/api.w.org\/{rel}","templated":true}]}}